{"id":1488,"date":"2020-09-07T14:41:37","date_gmt":"2020-09-07T12:41:37","guid":{"rendered":"https:\/\/vets4life.gr\/en\/?page_id=1488"},"modified":"2023-04-25T13:39:17","modified_gmt":"2023-04-25T11:39:17","slug":"dn","status":"publish","type":"page","link":"https:\/\/vets4life.gr\/en\/dn\/","title":{"rendered":"Oncology Department"},"content":{"rendered":"<div class=\"fusion-fullwidth fullwidth-box fusion-builder-row-1 fusion-flex-container nonhundred-percent-fullwidth non-hundred-percent-height-scrolling\" style=\"--awb-border-sizes-top:2;--awb-border-sizes-bottom:2;--awb-border-sizes-left:2;--awb-border-sizes-right:2;--awb-border-radius-top-left:0px;--awb-border-radius-top-right:0px;--awb-border-radius-bottom-right:0px;--awb-border-radius-bottom-left:0px;--awb-flex-wrap:wrap;\" ><div class=\"fusion-builder-row fusion-row fusion-flex-align-items-flex-start fusion-flex-content-wrap\" style=\"max-width:1216.8px;margin-left: calc(-4% \/ 2 );margin-right: calc(-4% \/ 2 );\"><div class=\"fusion-layout-column fusion_builder_column fusion-builder-column-0 fusion_builder_column_1_1 1_1 fusion-flex-column\" style=\"--awb-bg-size:cover;--awb-width-large:100%;--awb-margin-top-large:0px;--awb-spacing-right-large:1.92%;--awb-margin-bottom-large:30px;--awb-spacing-left-large:1.92%;--awb-width-medium:100%;--awb-order-medium:0;--awb-spacing-right-medium:1.92%;--awb-spacing-left-medium:1.92%;--awb-width-small:100%;--awb-order-small:0;--awb-spacing-right-small:1.92%;--awb-spacing-left-small:1.92%;\"><div class=\"fusion-column-wrapper fusion-column-has-shadow fusion-flex-justify-content-flex-start fusion-content-layout-column\"><div class=\"fusion-title title fusion-title-1 fusion-sep-none fusion-title-center fusion-title-text fusion-title-size-one\" style=\"--awb-margin-top-small:0px;--awb-margin-right-small:0px;--awb-margin-bottom-small:20px;--awb-margin-left-small:0px;\"><h1 class=\"fusion-title-heading title-heading-center fusion-responsive-typography-calculated\" style=\"margin:0;--fontSize:80;line-height:1;\">Oncology Department<\/h1><\/div><\/div><\/div><div class=\"fusion-layout-column fusion_builder_column fusion-builder-column-1 fusion_builder_column_1_2 1_2 fusion-flex-column\" style=\"--awb-padding-top:10px;--awb-padding-right:10px;--awb-padding-bottom:10px;--awb-padding-left:10px;--awb-bg-color:rgba(47,154,152,0.2);--awb-bg-color-hover:rgba(47,154,152,0.2);--awb-bg-size:cover;--awb-border-color:#607d8b;--awb-border-top:1px;--awb-border-right:1px;--awb-border-bottom:1px;--awb-border-left:1px;--awb-border-style:dotted;--awb-width-large:50%;--awb-margin-top-large:0px;--awb-spacing-right-large:3.84%;--awb-margin-bottom-large:30px;--awb-spacing-left-large:3.84%;--awb-width-medium:100%;--awb-order-medium:0;--awb-spacing-right-medium:1.92%;--awb-spacing-left-medium:1.92%;--awb-width-small:100%;--awb-order-small:0;--awb-spacing-right-small:1.92%;--awb-spacing-left-small:1.92%;\"><div class=\"fusion-column-wrapper fusion-column-has-shadow fusion-flex-justify-content-flex-start fusion-content-layout-column\"><div class=\"fusion-person person fusion-person-left fusion-person-1 fusion-person-icon-bottom\" style=\"--awb-pic-style-color:#000000;--awb-pic-borderradius:0px;--awb-margin-top:0px;--awb-margin-right:0px;--awb-margin-bottom:0px;--awb-margin-left:0px;\"><div class=\"person-desc\" style=\"background-color:#ffffff;padding:40px;margin-top:0;\"><div class=\"person-author\"><div class=\"person-author-wrapper\"><span class=\"person-name\">Matralis Dimitrios<\/span><span class=\"person-title\">Veterinary DVM, PhD, ESAVS IM-Oncology<\/span><\/div><\/div><div class=\"person-content fusion-clearfix\">Dimitris is a graduate and doctor of the Veterinary School of the Aristotle University of Thessaloniki. He has gained work experience in large veterinary clinics in Attica. His scientific interest is focused on the clinical oncology of companion animals. In recent years he participated in the clinical oncology specialization program of the European School for Advanced Veterinary Studies (ESAVS, CertVP IM-Oncology). He has retrained in the oncology clinic of the Veterinary Teaching Hospital Virginia \u2013 Maryland, College of Veterinary Medicine. He is a member of ESVONC (European Society of Veterinary Oncology) and VCM (Veterinary Cancer Society). His works have been published in Greek and foreign magazines and he has participated as a speaker in many conferences.<\/div><\/div><\/div><\/div><\/div><div class=\"fusion-layout-column fusion_builder_column fusion-builder-column-2 fusion_builder_column_1_2 1_2 fusion-flex-column\" style=\"--awb-padding-top:10px;--awb-padding-right:10px;--awb-padding-bottom:10px;--awb-padding-left:10px;--awb-bg-color:rgba(47,154,152,0.2);--awb-bg-color-hover:rgba(47,154,152,0.2);--awb-bg-size:cover;--awb-border-color:#607d8b;--awb-border-top:1px;--awb-border-right:1px;--awb-border-bottom:1px;--awb-border-left:1px;--awb-border-style:dotted;--awb-width-large:50%;--awb-margin-top-large:0px;--awb-spacing-right-large:3.84%;--awb-margin-bottom-large:30px;--awb-spacing-left-large:3.84%;--awb-width-medium:100%;--awb-order-medium:0;--awb-spacing-right-medium:1.92%;--awb-spacing-left-medium:1.92%;--awb-width-small:100%;--awb-order-small:0;--awb-spacing-right-small:1.92%;--awb-spacing-left-small:1.92%;\"><div class=\"fusion-column-wrapper fusion-column-has-shadow fusion-flex-justify-content-flex-start fusion-content-layout-column\"><div class=\"fusion-person person fusion-person-left fusion-person-2 fusion-person-icon-bottom\" style=\"--awb-pic-style-color:#000000;--awb-pic-borderradius:0px;--awb-margin-top:0px;--awb-margin-right:0px;--awb-margin-bottom:0px;--awb-margin-left:0px;\"><div class=\"person-desc\" style=\"background-color:#ffffff;padding:40px;margin-top:0;\"><div class=\"person-author\"><div class=\"person-author-wrapper\"><span class=\"person-name\">Dervisis Nikos<\/span><span class=\"person-title\">DVM, PhD, DACVIM (Oncology)<\/span><\/div><\/div><div class=\"person-content fusion-clearfix\">Nikos Dervisis graduated from the School of Veterinary Medicine of the Aristotle University of Thessaloniki in 1998. After his military service, he moved to the University of Illinois for a master&#8217;s degree, and in 2003 to Michigan State University for a doctorate and specialization in Clinical Oncology. He became a Diplomate of the American College of Veterinary Internal Medicine in 2007, and received his PhD in Comparative Medicine and Integrative Biology in 2009.<br \/>\nFrom 2009 to 2012 he was an assistant professor of Oncology at Michigan State University. In 2012 he moved to Virginia Tech to establish the Oncology Clinic at the Va-Md College of Veterinary Medicine, and in 2018 he was promoted to Associate Professor of Oncology.<br \/>\nHe is a key executive for the strategic planning and research activity of the new Animal Cancer Care &amp; Research Center (ACCRC) in collaboration with VirginiaTech&#8217;s medical school. His research interest is in One Health \/ Translational Medicine and he is a member of various phase-0 \/ phase-1 clinical trials, with an emphasis on immuno-oncology of minimally invasive cancer treatments.<br \/>\nHe serves as a member or president of various VirginiaTech committees, as well as the American College of Veterinary Internal Medicine and the Veterinary Cancer Society.<\/div><\/div><\/div><\/div><\/div><div class=\"fusion-layout-column fusion_builder_column fusion-builder-column-3 fusion_builder_column_1_1 1_1 fusion-flex-column\" style=\"--awb-padding-top:10px;--awb-padding-right:10px;--awb-padding-bottom:10px;--awb-padding-left:10px;--awb-bg-color:rgba(47,154,152,0.2);--awb-bg-color-hover:rgba(47,154,152,0.2);--awb-bg-size:cover;--awb-border-color:#607d8b;--awb-border-top:1px;--awb-border-right:1px;--awb-border-bottom:1px;--awb-border-left:1px;--awb-border-style:dotted;--awb-width-large:100%;--awb-margin-top-large:0px;--awb-spacing-right-large:1.92%;--awb-margin-bottom-large:30px;--awb-spacing-left-large:1.92%;--awb-width-medium:100%;--awb-order-medium:0;--awb-spacing-right-medium:1.92%;--awb-spacing-left-medium:1.92%;--awb-width-small:100%;--awb-order-small:0;--awb-spacing-right-small:1.92%;--awb-spacing-left-small:1.92%;\"><div class=\"fusion-column-wrapper fusion-column-has-shadow fusion-flex-justify-content-flex-start fusion-content-layout-column\"><div class=\"fusion-person person fusion-person-left fusion-person-3 fusion-person-icon-bottom\" style=\"--awb-pic-style-color:#000000;--awb-pic-borderradius:0px;--awb-margin-top:0px;--awb-margin-right:0px;--awb-margin-bottom:0px;--awb-margin-left:0px;\"><div class=\"person-desc\" style=\"background-color:#ffffff;padding:40px;margin-top:0;\"><div class=\"person-author\"><div class=\"person-author-wrapper\"><span class=\"person-name\">Chiara Leo<\/span><span class=\"person-title\">DVM, MSc, FHEA, Dipl. ACVIM Oncology<\/span><\/div><\/div><div class=\"person-content fusion-clearfix\">I spent my university study time convinced to become an equine person: it did not really go that way, as, after a cytology course, I thought that cells were awesome and from cells to oncology the step was short. A training path was just not possible in Italy at that time, so I embarked myself in a change of life, also geographically speaking: I completed an oncology internship at the Tierspital University of Zurich (Switzerland) and an ACVIM residency in Oncology at the Animal Oncology and Imaging Center in Zug (Switzerland), that included externships at the Washington State University (US). From 2011 to 2016 I have been Lecturer in Oncology at the Royal Veterinary College (London, UK) and pointed \u201cad interim\u201d Head of the Oncology service from 2015 to 2016 but, more importantly, I have become the proud owner of Arturo, a gentleman dog rescued from a London kennel, who has been with me ever since.<br \/>\nSwitzerland, America, England: after almost 10 years abroad, the call of the homeland and of my beloved Alps was strong, so in 2016 I moved back to Italy, where I have become head of the Oncology service at the Anicura Istituto Veterinario Novara and scientific director of UNISVET, one of the biggest Italian continuing education society All these learning experiences have taught me the most important lesson: been part of a good team is always the best way to achieve success or to rise back from failures. <\/div><\/div><\/div><\/div><\/div><div class=\"fusion-layout-column fusion_builder_column fusion-builder-column-4 fusion_builder_column_1_2 1_2 fusion-flex-column\" style=\"--awb-padding-top:10px;--awb-padding-right:10px;--awb-padding-bottom:10px;--awb-padding-left:10px;--awb-bg-color:rgba(47,154,152,0.2);--awb-bg-color-hover:rgba(47,154,152,0.2);--awb-bg-size:cover;--awb-border-color:#607d8b;--awb-border-top:1px;--awb-border-right:1px;--awb-border-bottom:1px;--awb-border-left:1px;--awb-border-style:dotted;--awb-width-large:50%;--awb-margin-top-large:0px;--awb-spacing-right-large:3.84%;--awb-margin-bottom-large:30px;--awb-spacing-left-large:3.84%;--awb-width-medium:100%;--awb-order-medium:0;--awb-spacing-right-medium:1.92%;--awb-spacing-left-medium:1.92%;--awb-width-small:100%;--awb-order-small:0;--awb-spacing-right-small:1.92%;--awb-spacing-left-small:1.92%;\"><div class=\"fusion-column-wrapper fusion-column-has-shadow fusion-flex-justify-content-flex-start fusion-content-layout-column\"><div class=\"fusion-person person fusion-person-left fusion-person-4 fusion-person-icon-bottom\" style=\"--awb-pic-style-color:#000000;--awb-pic-borderradius:0px;--awb-margin-top:0px;--awb-margin-right:0px;--awb-margin-bottom:0px;--awb-margin-left:0px;\"><div class=\"person-desc\" style=\"background-color:#ffffff;padding:40px;margin-top:0;\"><div class=\"person-author\"><div class=\"person-author-wrapper\"><span class=\"person-name\">Gerdidani Evi<\/span><span class=\"person-title\">Veterinary DVM<\/span><\/div><\/div><div class=\"person-content fusion-clearfix\">Evi is a graduate of Lyc\u00e9e Franco-Hell\u00e9nique Eug\u00e8ne Delacroix. She finished her studies at the Department of Veterinary Medicine of the Aristotle University of Thessaloniki in 2015.<br \/>\nSince then, he has been working as a veterinarian at vets4life with an interest in companion animal pathology and mainly oncology. The last years she participates in the clinical oncology specialization program of the European School for Advanced Veterinary Studies (ESAVS, CertVP IM-Oncology.<\/div><\/div><\/div><\/div><\/div><div class=\"fusion-layout-column fusion_builder_column fusion-builder-column-5 fusion_builder_column_1_2 1_2 fusion-flex-column\" style=\"--awb-padding-top:10px;--awb-padding-right:10px;--awb-padding-bottom:10px;--awb-padding-left:10px;--awb-bg-color:rgba(47,154,152,0.2);--awb-bg-color-hover:rgba(47,154,152,0.2);--awb-bg-size:cover;--awb-border-color:#607d8b;--awb-border-top:1px;--awb-border-right:1px;--awb-border-bottom:1px;--awb-border-left:1px;--awb-border-style:dotted;--awb-width-large:50%;--awb-margin-top-large:0px;--awb-spacing-right-large:3.84%;--awb-margin-bottom-large:30px;--awb-spacing-left-large:3.84%;--awb-width-medium:100%;--awb-order-medium:0;--awb-spacing-right-medium:1.92%;--awb-spacing-left-medium:1.92%;--awb-width-small:100%;--awb-order-small:0;--awb-spacing-right-small:1.92%;--awb-spacing-left-small:1.92%;\"><div class=\"fusion-column-wrapper fusion-column-has-shadow fusion-flex-justify-content-flex-start fusion-content-layout-column\"><\/div><\/div><\/div><\/div>\n","protected":false},"excerpt":{"rendered":"","protected":false},"author":1,"featured_media":0,"parent":0,"menu_order":0,"comment_status":"closed","ping_status":"closed","template":"100-width.php","meta":{"footnotes":""},"class_list":["post-1488","page","type-page","status-publish","hentry"],"_links":{"self":[{"href":"https:\/\/vets4life.gr\/en\/wp-json\/wp\/v2\/pages\/1488","targetHints":{"allow":["GET"]}}],"collection":[{"href":"https:\/\/vets4life.gr\/en\/wp-json\/wp\/v2\/pages"}],"about":[{"href":"https:\/\/vets4life.gr\/en\/wp-json\/wp\/v2\/types\/page"}],"author":[{"embeddable":true,"href":"https:\/\/vets4life.gr\/en\/wp-json\/wp\/v2\/users\/1"}],"replies":[{"embeddable":true,"href":"https:\/\/vets4life.gr\/en\/wp-json\/wp\/v2\/comments?post=1488"}],"version-history":[{"count":28,"href":"https:\/\/vets4life.gr\/en\/wp-json\/wp\/v2\/pages\/1488\/revisions"}],"predecessor-version":[{"id":1668,"href":"https:\/\/vets4life.gr\/en\/wp-json\/wp\/v2\/pages\/1488\/revisions\/1668"}],"wp:attachment":[{"href":"https:\/\/vets4life.gr\/en\/wp-json\/wp\/v2\/media?parent=1488"}],"curies":[{"name":"wp","href":"https:\/\/api.w.org\/{rel}","templated":true}]}}